{"id":269,"date":"2020-09-27T14:54:01","date_gmt":"2020-09-27T14:54:01","guid":{"rendered":"http:\/\/kanzlei-henrich.de\/?page_id=269"},"modified":"2024-09-10T09:11:06","modified_gmt":"2024-09-10T09:11:06","slug":"patricia-breidenbach","status":"publish","type":"page","link":"http:\/\/kanzlei-henrich.de\/?page_id=269","title":{"rendered":"Nina Ganster"},"content":{"rendered":"<p><strong>Rechtsanw\u00e4ltin<img decoding=\"async\" loading=\"lazy\" class=\"wp-image-294 size-medium alignright\" src=\"http:\/\/kanzlei-henrich.de\/wp-content\/uploads\/2021\/02\/IMG_7196-1-300x200.jpg\" alt=\"\" width=\"300\" height=\"200\" srcset=\"http:\/\/kanzlei-henrich.de\/wp-content\/uploads\/2021\/02\/IMG_7196-1-300x200.jpg 300w, http:\/\/kanzlei-henrich.de\/wp-content\/uploads\/2021\/02\/IMG_7196-1-1024x682.jpg 1024w, http:\/\/kanzlei-henrich.de\/wp-content\/uploads\/2021\/02\/IMG_7196-1-768x512.jpg 768w, http:\/\/kanzlei-henrich.de\/wp-content\/uploads\/2021\/02\/IMG_7196-1-1536x1024.jpg 1536w, http:\/\/kanzlei-henrich.de\/wp-content\/uploads\/2021\/02\/IMG_7196-1.jpg 2000w\" sizes=\"(max-width: 300px) 100vw, 300px\" \/><\/strong><\/p>\n<p><strong>T\u00e4tigkeitsschwerpunkte<\/strong><\/p>\n<ul>\n<li>Bau- und Architektenrecht<\/li>\n<li>Reiserecht<\/li>\n<li>Sozialrecht<\/li>\n<li>Verwaltungsrecht<\/li>\n<li>Strafrecht<\/li>\n<\/ul>\n<p><strong>Studium der Rechtswissenschaften<\/strong><\/p>\n<ul>\n<li>Studium der Rechtswissenschaft an der Universit\u00e4t des Saarlandes mit<br \/>Abschluss Erste juristische Staatspr\u00fcfung<\/li>\n<li>Juristischer Vorbereitungsdienst am Saarl\u00e4ndischen Oberlandesgericht mit <br \/>Abschluss Zweite juristiche Pr\u00fcfung<\/li>\n<\/ul>\n<p><strong>Berufliche Aktivit\u00e4ten<\/strong><\/p>\n<ul>\n<li>In der Kanzlei t\u00e4tig seit Januar 2021<\/li>\n<li>Absolvieren des Fachanwaltslehrgangs Bau- und Architektenrecht Oktober 2022 bis Februar 2023<\/li>\n<\/ul>\n<p><strong>Mitgliedschaften<\/strong><\/p>\n<ul>\n<li>Mitglied im FORUM Junge Anwaltschaft im DAV<\/li>\n<li>Mitglied im Saarl\u00e4ndischen Anwaltverein<\/li>\n<\/ul>\n\n\n<p><\/p>\n","protected":false},"excerpt":{"rendered":"<p>Rechtsanw\u00e4ltin T\u00e4tigkeitsschwerpunkte Bau- und Architektenrecht Reiserecht Sozialrecht Verwaltungsrecht Strafrecht Studium der Rechtswissenschaften Studium der Rechtswissenschaft an der Universit\u00e4t des Saarlandes mitAbschluss Erste juristische Staatspr\u00fcfung Juristischer Vorbereitungsdienst am Saarl\u00e4ndischen Oberlandesgericht mit Abschluss Zweite juristiche Pr\u00fcfung Berufliche Aktivit\u00e4ten In der Kanzlei t\u00e4tig seit Januar 2021 Absolvieren des Fachanwaltslehrgangs Bau- und Architektenrecht Oktober 2022 bis Februar 2023 Mitgliedschaften [&hellip;]<\/p>\n","protected":false},"author":1,"featured_media":293,"parent":0,"menu_order":0,"comment_status":"closed","ping_status":"closed","template":"","meta":{"footnotes":""},"_links":{"self":[{"href":"http:\/\/kanzlei-henrich.de\/index.php?rest_route=\/wp\/v2\/pages\/269"}],"collection":[{"href":"http:\/\/kanzlei-henrich.de\/index.php?rest_route=\/wp\/v2\/pages"}],"about":[{"href":"http:\/\/kanzlei-henrich.de\/index.php?rest_route=\/wp\/v2\/types\/page"}],"author":[{"embeddable":true,"href":"http:\/\/kanzlei-henrich.de\/index.php?rest_route=\/wp\/v2\/users\/1"}],"replies":[{"embeddable":true,"href":"http:\/\/kanzlei-henrich.de\/index.php?rest_route=%2Fwp%2Fv2%2Fcomments&post=269"}],"version-history":[{"count":14,"href":"http:\/\/kanzlei-henrich.de\/index.php?rest_route=\/wp\/v2\/pages\/269\/revisions"}],"predecessor-version":[{"id":342,"href":"http:\/\/kanzlei-henrich.de\/index.php?rest_route=\/wp\/v2\/pages\/269\/revisions\/342"}],"wp:featuredmedia":[{"embeddable":true,"href":"http:\/\/kanzlei-henrich.de\/index.php?rest_route=\/wp\/v2\/media\/293"}],"wp:attachment":[{"href":"http:\/\/kanzlei-henrich.de\/index.php?rest_route=%2Fwp%2Fv2%2Fmedia&parent=269"}],"curies":[{"name":"wp","href":"https:\/\/api.w.org\/{rel}","templated":true}]}}