{"id":21,"date":"2016-02-17T21:26:01","date_gmt":"2016-02-17T21:26:01","guid":{"rendered":"http:\/\/kanzlei-henrich.de\/?page_id=21"},"modified":"2025-01-03T16:00:27","modified_gmt":"2025-01-03T16:00:27","slug":"impressum","status":"publish","type":"page","link":"http:\/\/kanzlei-henrich.de\/?page_id=21","title":{"rendered":"Impressum\/Datenschutz"},"content":{"rendered":"<p><img decoding=\"async\" loading=\"lazy\" class=\" wp-image-75 alignright\" src=\"http:\/\/kanzlei-henrich.de\/wp-content\/uploads\/2016\/03\/Streifen4-1024x1024.png\" alt=\"Streifen4\" width=\"350\" height=\"350\" srcset=\"http:\/\/kanzlei-henrich.de\/wp-content\/uploads\/2016\/03\/Streifen4-1024x1024.png 1024w, http:\/\/kanzlei-henrich.de\/wp-content\/uploads\/2016\/03\/Streifen4-150x150.png 150w, http:\/\/kanzlei-henrich.de\/wp-content\/uploads\/2016\/03\/Streifen4-300x300.png 300w, http:\/\/kanzlei-henrich.de\/wp-content\/uploads\/2016\/03\/Streifen4-768x768.png 768w, http:\/\/kanzlei-henrich.de\/wp-content\/uploads\/2016\/03\/Streifen4.png 1544w\" sizes=\"(max-width: 350px) 100vw, 350px\" \/><\/p>\n<p>Angaben nach dem Digitale-Dienste-Gesetz<\/p>\n<p><strong>HENRICH Rechtsanwaltskanzlei<\/strong><\/p>\n<p>Ruth Henrich<br \/>\nKaiserstra\u00dfe 18<br \/>\n66386 St.Ingbert<\/p>\n<p>Telefon: 06894 2622 oder 06894 92200<br \/>\nkanzlei@kanzlei-henrich.de<\/p>\n<p>Umsatzsteuer-Identifikationsnummer gem\u00e4\u00df \u00a727 a Umsatzsteuergesetz: DE197688630<\/p>\n<p>Die Anw\u00e4lte der Kanzlei sind in der Bundesrepublik zugelassen und Mitglieder der Rechtsanwaltskammer des Saarlandes.<\/p>\n<p>Am Schlo\u00dfberg 5<br \/>\n66119 Saarbr\u00fccken<br \/>\nDeutschland<br \/>\nRechtsanwaltskammer des Saarlandes<\/p>\n<p>Als berufsrechtliche Regelungen gelten insbesondere die Bundesrechtsanwaltsordnung (BRAO), die Fachanwaltsordnung (FAO) sowie die Berufsordnung der Rechtsanw\u00e4lte (BORA).<\/p>\n<p>Diese und weitere berufsrechtliche Regelungen sind auch auf den Internet-Seiten der Bundesrechtsanwaltskammer einsehbar.<\/p>\n<p>F\u00fcr die Inhalte fremder Websites, die \u00fcber einen Link von unserer Website aus erreicht werden k\u00f6nnen, \u00fcbernehmen wir keine Haftung, da wir keinerlei Einfluss auf deren inhaltliche Gestaltung haben.<\/p>\n<p>Die Rechtsanw\u00e4lte der Kanzlei sind im Rahmen einer Verm\u00f6gensschadenhaftpflichtversicherung bei der N\u00dcRNBERGER Versicherung Aktiengesellschaft versichert.<\/p>\n<p>Wir m\u00f6chten darauf hinweisen, dass ein Mandatsvertrag nicht dadurch entsteht, wenn Sie uns eine eMail senden.<\/p>\n<p>Design: Customizr Pro \/\/ WordPress.org<\/p>\n<p>Umsetzung durch: Jan Henrich<\/p>\n<h3><strong>Datenschutz<br \/>\n<\/strong><\/h3>\n<p>F\u00fcr die Verarbeitung personenbezogener Daten im Rahmen dieser Internetseite verantwortlich ist Rechtsanw\u00e4ltin Ruth Henrich, zu erreichen unter oben genannten Kontaktdaten.<\/p>\n<p>Die Nutzung unserer Webseite ist in der Regel ohne Angabe pers\u00f6nlicher Daten m\u00f6glich. Wir verarbeiten personenbezogene Daten unserer Nutzer grunds\u00e4tzlich nur, soweit dies zur Bereitstellung einer funktionsf\u00e4higen Website sowie unserer Inhalte und Leistungen erforderlich ist oder nach Einwilligung des Nutzers.<br \/>\nSoweit wir f\u00fcr Verarbeitungsvorg\u00e4nge personenbezogener Daten eine Einwilligung der betroffenen Person einholen, dient Art. 6 Abs. 1 lit. a EU-Datenschutzgrundverordnung (DSGVO) als Rechtsgrundlage.<br \/>\nIst die Verarbeitung zur Wahrung eines berechtigten Interesses der Kanzlei oder eines Dritten erforderlich und \u00fcberwiegen die Interessen, Grundrechte und Grundfreiheiten des Betroffenen das erstgenannte Interesse nicht, so dient Art. 6 Abs. 1 lit. f DSGVO als Rechtsgrundlage f\u00fcr die Verarbeitung.<\/p>\n<p><strong>Logfiles<\/strong><br \/>\nBei jedem Zugriff auf unser Internetangebot und jedem Abruf einer auf der Webseite hinterlegten Datei werden jedoch folgende Informationen protokolliert:<br \/>\n<em>Name der abgerufenen Datei, Datum und Uhrzeit des Abrufes, \u00dcbertragene Datenmenge, Meldung, ob der Abruf erfolgreich war, Typ Ihres Webbrowsers, IP-Adresse<\/em><br \/>\nDie Registrierung der Zugriffe erfolgt aus Gr\u00fcnden der Datensicherheit und um die Stabilit\u00e4t und die Betriebssicherheit unseres Systems zu gew\u00e4hrleisten und gegen m\u00f6gliche Angriffe von au\u00dfen zu sch\u00fctzen. Eine Speicherung dieser Daten zusammen mit anderen personenbezogenen Daten findet nicht statt. Die Daten werden gel\u00f6scht oder verfremdet, sobald sie f\u00fcr die Erreichung des Zwecks ihrer Erhebung nicht mehr erforderlich sind, sp\u00e4testens jedoch nach sieben Tagen.<\/p>\n<p><strong>Kontaktaufnahme<\/strong><br \/>\nEs ist eine Kontaktaufnahme \u00fcber die bereitgestellte E-Mail-Adresse m\u00f6glich. In diesem Fall werden die mit der E-Mail \u00fcbermittelten personenbezogenen Daten des Nutzers gespeichert. Die Daten werden ausschlie\u00dflich f\u00fcr die Verarbeitung der Konversation verwendet und nach Beendigung der Kommunikation gel\u00f6scht. Bitte beachten Sie aber, dass die Vertraulichkeit von E-Mails oder anderen elektronischen Kommunikationsformen im Internet grunds\u00e4tzlich nicht gew\u00e4hrleistet ist. F\u00fcr vertrauliche Informationen empfehlen wir Ihnen deshalb den Postweg.<\/p>\n<p><strong>Auskunftsrecht, Beschwerden und Rechte<\/strong><br \/>\nEs besteht ein Recht auf Auskunft seitens des Verantwortlichen \u00fcber die betreffenden personenbezogenen Daten. Ferner besteht ein Recht auf Berichtigung oder L\u00f6schung oder auf Einschr\u00e4nkung der Verarbeitung oder ein Widerspruchsrecht gegen die Verarbeitung sowie des Rechts auf Daten\u00fcbertragbarkeit. Hierf\u00fcr k\u00f6nnen Sie sich gerne an die oben genannte Adresse wenden.<br \/>\nUnbeschadet eines anderweitigen Rechtsbehelfs steht Ihnen das Recht auf Beschwerde bei einer Aufsichtsbeh\u00f6rde zu, wenn Sie der Ansicht sind, dass die Verarbeitung der Sie betreffenden personenbezogenen Daten gegen die DSGVO verst\u00f6\u00dft.<\/p>\n","protected":false},"excerpt":{"rendered":"<p>Angaben nach dem Digitale-Dienste-Gesetz HENRICH Rechtsanwaltskanzlei Ruth Henrich Kaiserstra\u00dfe 18 66386 St.Ingbert Telefon: 06894 2622 oder 06894 92200 kanzlei@kanzlei-henrich.de Umsatzsteuer-Identifikationsnummer gem\u00e4\u00df \u00a727 a Umsatzsteuergesetz: DE197688630 Die Anw\u00e4lte der Kanzlei sind in der Bundesrepublik zugelassen und Mitglieder der Rechtsanwaltskammer des Saarlandes. Am Schlo\u00dfberg 5 66119 Saarbr\u00fccken Deutschland Rechtsanwaltskammer des Saarlandes Als berufsrechtliche Regelungen gelten insbesondere die [&hellip;]<\/p>\n","protected":false},"author":1,"featured_media":0,"parent":0,"menu_order":0,"comment_status":"closed","ping_status":"closed","template":"","meta":{"footnotes":""},"_links":{"self":[{"href":"http:\/\/kanzlei-henrich.de\/index.php?rest_route=\/wp\/v2\/pages\/21"}],"collection":[{"href":"http:\/\/kanzlei-henrich.de\/index.php?rest_route=\/wp\/v2\/pages"}],"about":[{"href":"http:\/\/kanzlei-henrich.de\/index.php?rest_route=\/wp\/v2\/types\/page"}],"author":[{"embeddable":true,"href":"http:\/\/kanzlei-henrich.de\/index.php?rest_route=\/wp\/v2\/users\/1"}],"replies":[{"embeddable":true,"href":"http:\/\/kanzlei-henrich.de\/index.php?rest_route=%2Fwp%2Fv2%2Fcomments&post=21"}],"version-history":[{"count":20,"href":"http:\/\/kanzlei-henrich.de\/index.php?rest_route=\/wp\/v2\/pages\/21\/revisions"}],"predecessor-version":[{"id":362,"href":"http:\/\/kanzlei-henrich.de\/index.php?rest_route=\/wp\/v2\/pages\/21\/revisions\/362"}],"wp:attachment":[{"href":"http:\/\/kanzlei-henrich.de\/index.php?rest_route=%2Fwp%2Fv2%2Fmedia&parent=21"}],"curies":[{"name":"wp","href":"https:\/\/api.w.org\/{rel}","templated":true}]}}